{"id":26,"date":"2025-11-19T21:54:44","date_gmt":"2025-11-19T21:54:44","guid":{"rendered":"http:\/\/www.educson.digibell.digital\/index.php\/home\/"},"modified":"2025-11-27T20:00:07","modified_gmt":"2025-11-27T20:00:07","slug":"home","status":"publish","type":"page","link":"https:\/\/www.educson.digibell.digital\/","title":{"rendered":"Home"},"content":{"rendered":"\t\t<div data-elementor-type=\"wp-page\" data-elementor-id=\"26\" class=\"elementor elementor-26\">\n\t\t\t\t<div class=\"elementor-element elementor-element-4c4c646f e-con-full animated-fast e-flex wpr-particle-no wpr-jarallax-no wpr-parallax-no wpr-sticky-section-no elementor-invisible e-con e-parent\" data-id=\"4c4c646f\" data-element_type=\"container\" data-settings=\"{&quot;animation&quot;:&quot;fadeIn&quot;}\">\n\t\t<div class=\"elementor-element elementor-element-a068c23 e-con-full animated-fast e-flex wpr-particle-no wpr-jarallax-no wpr-parallax-no wpr-sticky-section-no elementor-invisible e-con e-child\" data-id=\"a068c23\" data-element_type=\"container\" data-settings=\"{&quot;background_background&quot;:&quot;classic&quot;,&quot;animation&quot;:&quot;fadeIn&quot;}\">\n\t\t<div class=\"elementor-element elementor-element-33746a0e e-flex e-con-boxed wpr-particle-no wpr-jarallax-no wpr-parallax-no wpr-sticky-section-no e-con e-child\" data-id=\"33746a0e\" data-element_type=\"container\">\n\t\t\t\t\t<div class=\"e-con-inner\">\n\t\t\t\t<div class=\"elementor-element elementor-element-16692d06 elementor-widget__width-initial elementor-widget-mobile__width-inherit elementor-widget elementor-widget-text-editor\" data-id=\"16692d06\" data-element_type=\"widget\" data-widget_type=\"text-editor.default\">\n\t\t\t\t\t\t\t\t\t<p>Sch\u00fctzen<\/p>\t\t\t\t\t\t\t\t<\/div>\n\t\t\t\t<div class=\"elementor-element elementor-element-55a87ea7 elementor-widget elementor-widget-spacer\" data-id=\"55a87ea7\" data-element_type=\"widget\" data-widget_type=\"spacer.default\">\n\t\t\t\t\t\t\t<div class=\"elementor-spacer\">\n\t\t\t<div class=\"elementor-spacer-inner\"><\/div>\n\t\t<\/div>\n\t\t\t\t\t\t<\/div>\n\t\t\t\t<div class=\"elementor-element elementor-element-7dde42b7 elementor-widget__width-initial elementor-widget-mobile__width-inherit elementor-widget elementor-widget-text-editor\" data-id=\"7dde42b7\" data-element_type=\"widget\" data-widget_type=\"text-editor.default\">\n\t\t\t\t\t\t\t\t\t<p>Vorbeugen<\/p>\t\t\t\t\t\t\t\t<\/div>\n\t\t\t\t<div class=\"elementor-element elementor-element-6467c354 elementor-widget elementor-widget-spacer\" data-id=\"6467c354\" data-element_type=\"widget\" data-widget_type=\"spacer.default\">\n\t\t\t\t\t\t\t<div class=\"elementor-spacer\">\n\t\t\t<div class=\"elementor-spacer-inner\"><\/div>\n\t\t<\/div>\n\t\t\t\t\t\t<\/div>\n\t\t\t\t<div class=\"elementor-element elementor-element-1fe66403 elementor-widget__width-initial elementor-widget-mobile__width-inherit elementor-widget elementor-widget-text-editor\" data-id=\"1fe66403\" data-element_type=\"widget\" data-widget_type=\"text-editor.default\">\n\t\t\t\t\t\t\t\t\t<p>Eingreifen<\/p>\t\t\t\t\t\t\t\t<\/div>\n\t\t\t\t\t<\/div>\n\t\t\t\t<\/div>\n\t\t\t\t<\/div>\n\t\t\t\t<\/div>\n\t\t<div class=\"elementor-element elementor-element-4a8c4c66 e-con-full animated-fast e-flex wpr-particle-no wpr-jarallax-no wpr-parallax-no wpr-sticky-section-no elementor-invisible e-con e-parent\" data-id=\"4a8c4c66\" data-element_type=\"container\" data-settings=\"{&quot;animation&quot;:&quot;fadeIn&quot;}\">\n\t\t<div class=\"elementor-element elementor-element-69b89481 e-con-full e-flex wpr-particle-no wpr-jarallax-no wpr-parallax-no wpr-sticky-section-no e-con e-child\" data-id=\"69b89481\" data-element_type=\"container\">\n\t\t\t\t<\/div>\n\t\t<div class=\"elementor-element elementor-element-fe9bb6e e-con-full e-flex wpr-particle-no wpr-jarallax-no wpr-parallax-no wpr-sticky-section-no e-con e-child\" data-id=\"fe9bb6e\" data-element_type=\"container\">\n\t\t\t\t<\/div>\n\t\t<div class=\"elementor-element elementor-element-5d4a74e2 e-con-full e-flex wpr-particle-no wpr-jarallax-no wpr-parallax-no wpr-sticky-section-no e-con e-child\" data-id=\"5d4a74e2\" data-element_type=\"container\">\n\t\t\t\t<\/div>\n\t\t\t\t<\/div>\n\t\t<div class=\"elementor-element elementor-element-613bfd88 e-con-full animated-fast e-flex wpr-particle-no wpr-jarallax-no wpr-parallax-no wpr-sticky-section-no elementor-invisible e-con e-parent\" data-id=\"613bfd88\" data-element_type=\"container\" data-settings=\"{&quot;animation&quot;:&quot;fadeIn&quot;}\">\n\t\t\t\t<\/div>\n\t\t<div class=\"elementor-element elementor-element-3169dd97 e-grid e-con-full wpr-particle-no wpr-jarallax-no wpr-parallax-no wpr-sticky-section-no e-con e-parent\" data-id=\"3169dd97\" data-element_type=\"container\">\n\t\t\t\t<div class=\"elementor-element elementor-element-156671bf elementor-hidden-mobile elementor-widget elementor-widget-progress\" data-id=\"156671bf\" data-element_type=\"widget\" data-widget_type=\"progress.default\">\n\t\t\t\t\t\n\t\t<div class=\"elementor-progress-wrapper\" role=\"progressbar\" aria-valuemin=\"0\" aria-valuemax=\"100\" aria-valuenow=\"100\">\n\t\t\t<div class=\"elementor-progress-bar\" data-max=\"100\">\n\t\t\t\t<span class=\"elementor-progress-text\"><\/span>\n\t\t\t\t\t\t\t<\/div>\n\t\t<\/div>\n\t\t\t\t\t\t<\/div>\n\t\t\t\t<\/div>\n\t\t<div class=\"elementor-element elementor-element-398ce576 e-con-full animated-fast e-flex wpr-particle-no wpr-jarallax-no wpr-parallax-no wpr-sticky-section-no elementor-invisible e-con e-parent\" data-id=\"398ce576\" data-element_type=\"container\" data-settings=\"{&quot;animation&quot;:&quot;fadeIn&quot;}\">\n\t\t\t\t<div class=\"elementor-element elementor-element-67425ff3 elementor-widget elementor-widget-image-carousel\" data-id=\"67425ff3\" data-element_type=\"widget\" data-settings=\"{&quot;slides_to_show&quot;:&quot;6&quot;,&quot;slides_to_scroll&quot;:&quot;1&quot;,&quot;navigation&quot;:&quot;none&quot;,&quot;lazyload&quot;:&quot;yes&quot;,&quot;autoplay_speed&quot;:&quot;1000&quot;,&quot;speed&quot;:&quot;1000&quot;,&quot;autoplay&quot;:&quot;yes&quot;,&quot;infinite&quot;:&quot;yes&quot;}\" data-widget_type=\"image-carousel.default\">\n\t\t\t\t\t\t\t<div class=\"elementor-image-carousel-wrapper swiper\" role=\"region\" aria-roledescription=\"carousel\" aria-label=\"Image Carousel\" dir=\"ltr\">\n\t\t\t<div class=\"elementor-image-carousel swiper-wrapper\" aria-live=\"off\">\n\t\t\t\t\t\t\t\t<div class=\"swiper-slide\" role=\"group\" aria-roledescription=\"slide\" aria-label=\"1 of 12\"><figure class=\"swiper-slide-inner\"><img class=\"swiper-slide-image swiper-lazy\" data-src=\"https:\/\/www.educson.digibell.digital\/wp-content\/uploads\/2025\/11\/1.webp\" alt=\"1\" \/><div class=\"swiper-lazy-preloader\"><\/div><\/figure><\/div><div class=\"swiper-slide\" role=\"group\" aria-roledescription=\"slide\" aria-label=\"2 of 12\"><figure class=\"swiper-slide-inner\"><img class=\"swiper-slide-image swiper-lazy\" data-src=\"https:\/\/www.educson.digibell.digital\/wp-content\/uploads\/2025\/11\/2.webp\" alt=\"2\" \/><div class=\"swiper-lazy-preloader\"><\/div><\/figure><\/div><div class=\"swiper-slide\" role=\"group\" aria-roledescription=\"slide\" aria-label=\"3 of 12\"><figure class=\"swiper-slide-inner\"><img class=\"swiper-slide-image swiper-lazy\" data-src=\"https:\/\/www.educson.digibell.digital\/wp-content\/uploads\/2025\/11\/3.webp\" alt=\"3\" \/><div class=\"swiper-lazy-preloader\"><\/div><\/figure><\/div><div class=\"swiper-slide\" role=\"group\" aria-roledescription=\"slide\" aria-label=\"4 of 12\"><figure class=\"swiper-slide-inner\"><img class=\"swiper-slide-image swiper-lazy\" data-src=\"https:\/\/www.educson.digibell.digital\/wp-content\/uploads\/2025\/11\/4.webp\" alt=\"4\" \/><div class=\"swiper-lazy-preloader\"><\/div><\/figure><\/div><div class=\"swiper-slide\" role=\"group\" aria-roledescription=\"slide\" aria-label=\"5 of 12\"><figure class=\"swiper-slide-inner\"><img class=\"swiper-slide-image swiper-lazy\" data-src=\"https:\/\/www.educson.digibell.digital\/wp-content\/uploads\/2025\/11\/5.webp\" alt=\"5\" \/><div class=\"swiper-lazy-preloader\"><\/div><\/figure><\/div><div class=\"swiper-slide\" role=\"group\" aria-roledescription=\"slide\" aria-label=\"6 of 12\"><figure class=\"swiper-slide-inner\"><img class=\"swiper-slide-image swiper-lazy\" data-src=\"https:\/\/www.educson.digibell.digital\/wp-content\/uploads\/2025\/11\/6.webp\" alt=\"6\" \/><div class=\"swiper-lazy-preloader\"><\/div><\/figure><\/div><div class=\"swiper-slide\" role=\"group\" aria-roledescription=\"slide\" aria-label=\"7 of 12\"><figure class=\"swiper-slide-inner\"><img class=\"swiper-slide-image swiper-lazy\" data-src=\"https:\/\/www.educson.digibell.digital\/wp-content\/uploads\/2025\/11\/7.webp\" alt=\"7\" \/><div class=\"swiper-lazy-preloader\"><\/div><\/figure><\/div><div class=\"swiper-slide\" role=\"group\" aria-roledescription=\"slide\" aria-label=\"8 of 12\"><figure class=\"swiper-slide-inner\"><img class=\"swiper-slide-image swiper-lazy\" data-src=\"https:\/\/www.educson.digibell.digital\/wp-content\/uploads\/2025\/11\/8.webp\" alt=\"8\" \/><div class=\"swiper-lazy-preloader\"><\/div><\/figure><\/div><div class=\"swiper-slide\" role=\"group\" aria-roledescription=\"slide\" aria-label=\"9 of 12\"><figure class=\"swiper-slide-inner\"><img class=\"swiper-slide-image swiper-lazy\" data-src=\"https:\/\/www.educson.digibell.digital\/wp-content\/uploads\/2025\/11\/9.webp\" alt=\"9\" \/><div class=\"swiper-lazy-preloader\"><\/div><\/figure><\/div><div class=\"swiper-slide\" role=\"group\" aria-roledescription=\"slide\" aria-label=\"10 of 12\"><figure class=\"swiper-slide-inner\"><img class=\"swiper-slide-image swiper-lazy\" data-src=\"https:\/\/www.educson.digibell.digital\/wp-content\/uploads\/2025\/11\/10.webp\" alt=\"10\" \/><div class=\"swiper-lazy-preloader\"><\/div><\/figure><\/div><div class=\"swiper-slide\" role=\"group\" aria-roledescription=\"slide\" aria-label=\"11 of 12\"><figure class=\"swiper-slide-inner\"><img class=\"swiper-slide-image swiper-lazy\" data-src=\"https:\/\/www.educson.digibell.digital\/wp-content\/uploads\/2025\/11\/11.webp\" alt=\"11\" \/><div class=\"swiper-lazy-preloader\"><\/div><\/figure><\/div><div class=\"swiper-slide\" role=\"group\" aria-roledescription=\"slide\" aria-label=\"12 of 12\"><figure class=\"swiper-slide-inner\"><img class=\"swiper-slide-image swiper-lazy\" data-src=\"https:\/\/www.educson.digibell.digital\/wp-content\/uploads\/2025\/11\/12.webp\" alt=\"12\" \/><div class=\"swiper-lazy-preloader\"><\/div><\/figure><\/div>\t\t\t<\/div>\n\t\t\t\t\t\t\t\n\t\t\t\t\t\t\t\t\t<\/div>\n\t\t\t\t\t\t<\/div>\n\t\t\t\t<\/div>\n\t\t<div class=\"elementor-element elementor-element-1ac74594 e-con-full animated-fast e-flex wpr-particle-no wpr-jarallax-no wpr-parallax-no wpr-sticky-section-no elementor-invisible e-con e-parent\" data-id=\"1ac74594\" data-element_type=\"container\" data-settings=\"{&quot;animation&quot;:&quot;fadeIn&quot;}\">\n\t\t<div class=\"elementor-element elementor-element-7ba5191e e-con-full e-flex wpr-particle-no wpr-jarallax-no wpr-parallax-no wpr-sticky-section-no e-con e-child\" data-id=\"7ba5191e\" data-element_type=\"container\">\n\t\t\t\t<div class=\"elementor-element elementor-element-7374341a elementor-widget elementor-widget-image\" data-id=\"7374341a\" data-element_type=\"widget\" data-widget_type=\"image.default\">\n\t\t\t\t\t\t\t\t\t\t\t\t\t\t\t<img fetchpriority=\"high\" decoding=\"async\" width=\"960\" height=\"640\" src=\"https:\/\/www.educson.digibell.digital\/wp-content\/uploads\/2025\/11\/Sans-titre-1000-x-667-px-3.png\" class=\"attachment-large size-large wp-image-104\" alt=\"\" srcset=\"https:\/\/www.educson.digibell.digital\/wp-content\/uploads\/2025\/11\/Sans-titre-1000-x-667-px-3.png 1000w, https:\/\/www.educson.digibell.digital\/wp-content\/uploads\/2025\/11\/Sans-titre-1000-x-667-px-3-300x200.png 300w, https:\/\/www.educson.digibell.digital\/wp-content\/uploads\/2025\/11\/Sans-titre-1000-x-667-px-3-768x512.png 768w\" sizes=\"(max-width: 960px) 100vw, 960px\" \/>\t\t\t\t\t\t\t\t\t\t\t\t\t\t\t<\/div>\n\t\t\t\t<\/div>\n\t\t<div class=\"elementor-element elementor-element-66a39acd e-con-full e-flex wpr-particle-no wpr-jarallax-no wpr-parallax-no wpr-sticky-section-no e-con e-child\" data-id=\"66a39acd\" data-element_type=\"container\">\n\t\t\t\t<\/div>\n\t\t<div class=\"elementor-element elementor-element-79c22ef2 e-con-full e-flex wpr-particle-no wpr-jarallax-no wpr-parallax-no wpr-sticky-section-no e-con e-child\" data-id=\"79c22ef2\" data-element_type=\"container\">\n\t\t\t\t<div class=\"elementor-element elementor-element-3531c67d elementor-widget elementor-widget-image\" data-id=\"3531c67d\" data-element_type=\"widget\" data-widget_type=\"image.default\">\n\t\t\t\t\t\t\t\t\t\t\t\t\t\t\t<img decoding=\"async\" width=\"960\" height=\"640\" src=\"https:\/\/www.educson.digibell.digital\/wp-content\/uploads\/2025\/11\/Sans-titre-1000-x-667-px-4.png\" class=\"attachment-large size-large wp-image-105\" alt=\"\" srcset=\"https:\/\/www.educson.digibell.digital\/wp-content\/uploads\/2025\/11\/Sans-titre-1000-x-667-px-4.png 1000w, https:\/\/www.educson.digibell.digital\/wp-content\/uploads\/2025\/11\/Sans-titre-1000-x-667-px-4-300x200.png 300w, https:\/\/www.educson.digibell.digital\/wp-content\/uploads\/2025\/11\/Sans-titre-1000-x-667-px-4-768x512.png 768w\" sizes=\"(max-width: 960px) 100vw, 960px\" \/>\t\t\t\t\t\t\t\t\t\t\t\t\t\t\t<\/div>\n\t\t\t\t<\/div>\n\t\t\t\t<\/div>\n\t\t\t\t<\/div>\n\t\t","protected":false},"excerpt":{"rendered":"<p>SICHERHEITSDIENSTE PADERBORN &#8211; PROFESSIONELLER SCHUTZ IN GANZ OWL Bei EDUSON steht Sicherheit an erster Stelle \u2013 f\u00fcr Ihre Werte, Ihre Events und Ihre Liebsten. 0176-88191500 Kontaktieren Sie uns Sch\u00fctzen Vorbeugen Eingreifen Als modernes deutsches Sicherheit sunternehmen mit jahrelanger Erfahrung bieten wir professionelle Sicherheitsdienste Paderborn, Bad Oeynhausen, G\u00fctersloh, Herford, Erfurt und H\u00f6xter an. F\u00fcr uns bedeutet Sicherheit viel mehr als blo\u00dfe Pr\u00e4senz. Mit Eduson, Ihrer vertrauensw\u00fcrdigen Sicherheitsfirma, liegt unser Fokus auf den Menschen \u2013 unseren Kunden und unseren Mitarbeitern. Ob es darum geht, ein Geb\u00e4ude, eine Person oder eine Veranstaltung zu sichern, wir achten sorgf\u00e4ltig darauf, wie wir unsere Kunden am besten bedienen k\u00f6nnen. Entdecken Unser Leistungsspektrum umfasst Objektschutz, Personenschutz, Vertrauen entsteht durch N\u00e4he, Transparenz und Integrit\u00e4t \u2013 daf\u00fcr steht Eduson Sicherheit. Qualifizierten Team Vertrauen entsteht durch N\u00e4he, Transparenz und Integrit\u00e4t \u2013 daf\u00fcr steht Eduson Sicherheit. Step-by-Step Approach to Every Project 1: VERANSTALTUNGSSCHUTZ \/ DOORMAN Der Veranstaltungsschutz erfordert die volle Aufmerksamkeit unserer Mitarbeiter. 3: Professionelle Detektei Wenn es um Ermittlungen geht, gibt es wenige, die eine gr\u00f6\u00dfere Leidenschaft bei Privatermittlungen haben als wir. 5: SICHERHEITSTECHNIK (KAMERA\u00dcBERWACHUNG) Sicherheitssysteme wirken abschreckend und bieten wirkungsvollen Schutz vor Einbruch. 2: PERSONENBEGLEITSCHUTZ F\u00fchlen Sie sich bel\u00e4stigt oder bedroht? Dann ist unser professioneller Begleitservice genau das Richtige f\u00fcr Sie. 4: Werkschutz &amp; Objektschutz Im Werkschutz und Objektschutz \u00fcbernehmen wir Zugangskontrollen. EDUSON SICHERHEITSDIENST Unsere Kunden sch\u00e4tzen vor allem unsere Zuverl\u00e4ssigkeit und die F\u00e4higkeit Unser 24\/7 Sicherheitsdienste ist rund um die Uhr einsatzbereit \u2013 ob f\u00fcr Veranstaltungen, Objektschutz, Baustellen oder Personenschutz. Bei Eduson steht Ihre Zufriedenheit an erster Stelle: Wir arbeiten nach dem Prinzip 100 % Engagement f\u00fcr 100 % Zufriedenheit \u2013 in ganz Ostwestfalen-Lippe. Nehmen Sie Kontakt mit uns auf! 0176-88191500 info@eduson-sicherheit.de Get In Touch<\/p>\n","protected":false},"author":1,"featured_media":0,"parent":0,"menu_order":0,"comment_status":"closed","ping_status":"closed","template":"elementor_header_footer","meta":{"footnotes":""},"class_list":["post-26","page","type-page","status-publish","hentry"],"_links":{"self":[{"href":"https:\/\/www.educson.digibell.digital\/index.php\/wp-json\/wp\/v2\/pages\/26","targetHints":{"allow":["GET"]}}],"collection":[{"href":"https:\/\/www.educson.digibell.digital\/index.php\/wp-json\/wp\/v2\/pages"}],"about":[{"href":"https:\/\/www.educson.digibell.digital\/index.php\/wp-json\/wp\/v2\/types\/page"}],"author":[{"embeddable":true,"href":"https:\/\/www.educson.digibell.digital\/index.php\/wp-json\/wp\/v2\/users\/1"}],"replies":[{"embeddable":true,"href":"https:\/\/www.educson.digibell.digital\/index.php\/wp-json\/wp\/v2\/comments?post=26"}],"version-history":[{"count":19,"href":"https:\/\/www.educson.digibell.digital\/index.php\/wp-json\/wp\/v2\/pages\/26\/revisions"}],"predecessor-version":[{"id":118,"href":"https:\/\/www.educson.digibell.digital\/index.php\/wp-json\/wp\/v2\/pages\/26\/revisions\/118"}],"wp:attachment":[{"href":"https:\/\/www.educson.digibell.digital\/index.php\/wp-json\/wp\/v2\/media?parent=26"}],"curies":[{"name":"wp","href":"https:\/\/api.w.org\/{rel}","templated":true}]}}